{"id":5962,"date":"2022-04-04T16:30:06","date_gmt":"2022-04-04T14:30:06","guid":{"rendered":"https:\/\/mblue.cz\/?page_id=5962"},"modified":"2022-04-04T18:35:49","modified_gmt":"2022-04-04T16:35:49","slug":"for-companies","status":"publish","type":"page","link":"https:\/\/mblue.cz\/en\/for-companies\/","title":{"rendered":"For Companies"},"content":{"rendered":"<p>Spole\u010dn\u011b vy\u0159e\u0161\u00edme jak\u00fdkoliv probl\u00e9m v HR.<\/p>\n","protected":false},"excerpt":{"rendered":"<p>Spole\u010dn\u011b vy\u0159e\u0161\u00edme jak\u00fdkoliv probl\u00e9m v HR.<\/p>\n","protected":false},"author":2,"featured_media":0,"parent":0,"menu_order":0,"comment_status":"closed","ping_status":"closed","template":"pages\/page-blocks.php","meta":{"footnotes":""},"class_list":["post-5962","page","type-page","status-publish","hentry"],"yoast_head":"<!-- This site is optimized with the Yoast SEO plugin v25.6 - https:\/\/yoast.com\/wordpress\/plugins\/seo\/ -->\n<title>For Companies - mBlue<\/title>\n<meta name=\"description\" content=\"Spole\u010dn\u011b vy\u0159e\u0161\u00edme jak\u00fdkoliv probl\u00e9m v HR.\" \/>\n<meta name=\"robots\" content=\"index, follow, max-snippet:-1, max-image-preview:large, max-video-preview:-1\" \/>\n<link rel=\"canonical\" href=\"https:\/\/mblue.cz\/en\/for-companies\/\" \/>\n<meta property=\"og:locale\" content=\"en_US\" \/>\n<meta property=\"og:type\" content=\"article\" \/>\n<meta property=\"og:title\" content=\"For Companies - mBlue\" \/>\n<meta property=\"og:description\" content=\"Spole\u010dn\u011b vy\u0159e\u0161\u00edme jak\u00fdkoliv probl\u00e9m v HR.\" \/>\n<meta property=\"og:url\" content=\"https:\/\/mblue.cz\/en\/for-companies\/\" \/>\n<meta property=\"og:site_name\" content=\"mBlue\" \/>\n<meta property=\"article:publisher\" content=\"https:\/\/www.facebook.com\/mBlueCZ\" \/>\n<meta property=\"article:modified_time\" content=\"2022-04-04T16:35:49+00:00\" \/>\n<meta property=\"og:image\" content=\"https:\/\/mblue.cz\/wp-content\/uploads\/2019\/07\/Blog-Nove-logo-suqare.jpg\" \/>\n\t<meta property=\"og:image:width\" content=\"576\" \/>\n\t<meta property=\"og:image:height\" content=\"432\" \/>\n\t<meta property=\"og:image:type\" content=\"image\/jpeg\" \/>\n<meta name=\"twitter:card\" content=\"summary_large_image\" \/>\n<meta name=\"twitter:site\" content=\"@mblue\" \/>\n<!-- \/ Yoast SEO plugin. -->","yoast_head_json":{"title":"For Companies - mBlue","description":"Spole\u010dn\u011b vy\u0159e\u0161\u00edme jak\u00fdkoliv probl\u00e9m v HR.","robots":{"index":"index","follow":"follow","max-snippet":"max-snippet:-1","max-image-preview":"max-image-preview:large","max-video-preview":"max-video-preview:-1"},"canonical":"https:\/\/mblue.cz\/en\/for-companies\/","og_locale":"en_US","og_type":"article","og_title":"For Companies - mBlue","og_description":"Spole\u010dn\u011b vy\u0159e\u0161\u00edme jak\u00fdkoliv probl\u00e9m v HR.","og_url":"https:\/\/mblue.cz\/en\/for-companies\/","og_site_name":"mBlue","article_publisher":"https:\/\/www.facebook.com\/mBlueCZ","article_modified_time":"2022-04-04T16:35:49+00:00","og_image":[{"width":576,"height":432,"url":"https:\/\/mblue.cz\/wp-content\/uploads\/2019\/07\/Blog-Nove-logo-suqare.jpg","type":"image\/jpeg"}],"twitter_card":"summary_large_image","twitter_site":"@mblue","schema":{"@context":"https:\/\/schema.org","@graph":[{"@type":"WebPage","@id":"https:\/\/mblue.cz\/en\/for-companies\/","url":"https:\/\/mblue.cz\/en\/for-companies\/","name":"For Companies - mBlue","isPartOf":{"@id":"https:\/\/mblue.cz\/#website"},"datePublished":"2022-04-04T14:30:06+00:00","dateModified":"2022-04-04T16:35:49+00:00","description":"Spole\u010dn\u011b vy\u0159e\u0161\u00edme jak\u00fdkoliv probl\u00e9m v HR.","breadcrumb":{"@id":"https:\/\/mblue.cz\/en\/for-companies\/#breadcrumb"},"inLanguage":"en-US","potentialAction":[{"@type":"ReadAction","target":["https:\/\/mblue.cz\/en\/for-companies\/"]}]},{"@type":"BreadcrumbList","@id":"https:\/\/mblue.cz\/en\/for-companies\/#breadcrumb","itemListElement":[{"@type":"ListItem","position":1,"name":"Home","item":"https:\/\/mblue.cz\/en\/"},{"@type":"ListItem","position":2,"name":"For Companies"}]},{"@type":"WebSite","@id":"https:\/\/mblue.cz\/#website","url":"https:\/\/mblue.cz\/","name":"mBlue","description":"","publisher":{"@id":"https:\/\/mblue.cz\/#organization"},"potentialAction":[{"@type":"SearchAction","target":{"@type":"EntryPoint","urlTemplate":"https:\/\/mblue.cz\/?s={search_term_string}"},"query-input":{"@type":"PropertyValueSpecification","valueRequired":true,"valueName":"search_term_string"}}],"inLanguage":"en-US"},{"@type":"Organization","@id":"https:\/\/mblue.cz\/#organization","name":"mBlue Czech, s.r.o.","url":"https:\/\/mblue.cz\/","logo":{"@type":"ImageObject","inLanguage":"en-US","@id":"https:\/\/mblue.cz\/#\/schema\/logo\/image\/","url":"https:\/\/mblue.cz\/wp-content\/uploads\/2019\/07\/Blog-Nove-logo-suqare.jpg","contentUrl":"https:\/\/mblue.cz\/wp-content\/uploads\/2019\/07\/Blog-Nove-logo-suqare.jpg","width":576,"height":432,"caption":"mBlue Czech, s.r.o."},"image":{"@id":"https:\/\/mblue.cz\/#\/schema\/logo\/image\/"},"sameAs":["https:\/\/www.facebook.com\/mBlueCZ","https:\/\/x.com\/mblue","https:\/\/www.instagram.com\/mblue_human_resources\/","https:\/\/www.linkedin.com\/company\/mblue\/"]}]}},"_links":{"self":[{"href":"https:\/\/mblue.cz\/en\/wp-json\/wp\/v2\/pages\/5962"}],"collection":[{"href":"https:\/\/mblue.cz\/en\/wp-json\/wp\/v2\/pages"}],"about":[{"href":"https:\/\/mblue.cz\/en\/wp-json\/wp\/v2\/types\/page"}],"author":[{"embeddable":true,"href":"https:\/\/mblue.cz\/en\/wp-json\/wp\/v2\/users\/2"}],"replies":[{"embeddable":true,"href":"https:\/\/mblue.cz\/en\/wp-json\/wp\/v2\/comments?post=5962"}],"version-history":[{"count":2,"href":"https:\/\/mblue.cz\/en\/wp-json\/wp\/v2\/pages\/5962\/revisions"}],"predecessor-version":[{"id":5997,"href":"https:\/\/mblue.cz\/en\/wp-json\/wp\/v2\/pages\/5962\/revisions\/5997"}],"wp:attachment":[{"href":"https:\/\/mblue.cz\/en\/wp-json\/wp\/v2\/media?parent=5962"}],"curies":[{"name":"wp","href":"https:\/\/api.w.org\/{rel}","templated":true}]}}