{"id":6096,"date":"2022-04-27T17:37:32","date_gmt":"2022-04-27T15:37:32","guid":{"rendered":"https:\/\/mblue.cz\/?page_id=6096"},"modified":"2022-05-02T16:50:42","modified_gmt":"2022-05-02T14:50:42","slug":"cookies-policy","status":"publish","type":"page","link":"https:\/\/mblue.cz\/en\/cookies-policy\/","title":{"rendered":"Cookies Policy"},"content":{"rendered":"<p><span class=\"Y2IQFc\" lang=\"en\">This privacy policy describes the way in which mBlue Czech, s.r.o. \u0158eporyjsk\u00e1 490\/17, Praha 158 00, I\u010c: 241 93 119 (hereinafter mBlue) collects data, maintains data and manipulates data obtained from users on this website.<\/span><\/p>\n<p>&nbsp;<\/p>\n<h3 class=\"tw-data-text tw-text-large tw-ta\" dir=\"ltr\" data-placeholder=\"P\u0159eklad\"><span class=\"Y2IQFc\" lang=\"en\">1. What personal information do we collect?<\/span><\/h3>\n<p class=\"tw-data-text tw-text-large tw-ta\" dir=\"ltr\" data-placeholder=\"P\u0159eklad\"><span class=\"Y2IQFc\" lang=\"en\"><br \/>\nWe only collect personal information about you if you send us a contact form (more in the related consent) or subscribe to business communications (more in the related consent). In terms of Regulation (EU) 2016\/679 (called GDPR), cookies or similar identifiers may also be considered personal data. This policy also addresses them.<\/span><\/p>\n<p>&nbsp;<\/p>\n<h3><span class=\"Y2IQFc\" lang=\"en\">2. What do we use the information for? <\/span><\/h3>\n<p><span class=\"Y2IQFc\" lang=\"en\">We use the information we obtain about you: <\/span><\/p>\n<ul>\n<li><span class=\"Y2IQFc\" lang=\"en\">to improve your experience with our site (information helps us to better respond to individual needs), <\/span><\/li>\n<li><span class=\"Y2IQFc\" lang=\"en\">so that you can use the features of our site &#8211; such as Facebook comments, s<\/span><\/li>\n<li><span class=\"Y2IQFc\" lang=\"en\">so we can respond to your question, <\/span><\/li>\n<li><span class=\"Y2IQFc\" lang=\"en\">to send information and updates from websites, <\/span><\/li>\n<li><span class=\"Y2IQFc\" lang=\"en\">follow-up marketing activities (with your express consent), <\/span><\/li>\n<li><span class=\"Y2IQFc\" lang=\"en\">to analyze our business activities (in aggregated form). <\/span><\/li>\n<\/ul>\n<p>&nbsp;<\/p>\n<h3><span class=\"Y2IQFc\" lang=\"en\">3. How do we protect your information? <\/span><\/h3>\n<p><span class=\"Y2IQFc\" lang=\"en\">We use a variety of security methods and trusted partners to keep your personal information as secure as possible. Your contact details are stored in secure databases, communication between databases is always secure. The data is stored in encrypted form and protected by a strong password (passwords). The website from which you submit forms also uses secure SSL encryption. We do not sell, pass on or otherwise provide your information. We may violate this agreement if the information is requested by the institution in a judicial investigation. However, in no case will we provide your data for marketing, promotional or other purposes to third parties.<\/span><\/p>\n<h3 id=\"tw-target-text\" class=\"tw-data-text tw-text-large tw-ta\" dir=\"ltr\" data-placeholder=\"P\u0159eklad\"><span class=\"Y2IQFc\" lang=\"en\">4. Do we use cookies? <\/span><\/h3>\n<p class=\"tw-data-text tw-text-large tw-ta\" dir=\"ltr\" data-placeholder=\"P\u0159eklad\"><span class=\"Y2IQFc\" lang=\"en\">Yes. Cookies are small files from our website that are stored on your computer through your browser (if you have the storage of these helpers enabled). Cookies allow us to identify your browser and record certain information. The nature of the information may vary. Cookies can store, for example, your language settings or also a user ID, which can be considered personal data. We use four types of cookies on this website:<\/span><\/p>\n<p id=\"tw-target-text\" class=\"tw-data-text tw-text-large tw-ta\" dir=\"ltr\" data-placeholder=\"P\u0159eklad\"><span class=\"Y2IQFc\" lang=\"en\"><strong>Functional<\/strong> &#8211; necessary for the function of the site (for example, we store information about your language and then show you the content of the site). <\/span><\/p>\n<p class=\"tw-data-text tw-text-large tw-ta\" dir=\"ltr\" data-placeholder=\"P\u0159eklad\"><span class=\"Y2IQFc\" lang=\"en\"><strong>Analytical<\/strong> &#8211; necessary for additional site function and basic analytics. These cookies are, for example, introduced by Facebook, as the provider of our comments, Twitter, as we use their box to display the latest tweets or by Google in order to collect basic data about our site. <\/span><\/p>\n<p class=\"tw-data-text tw-text-large tw-ta\" dir=\"ltr\" data-placeholder=\"P\u0159eklad\"><span class=\"Y2IQFc\" lang=\"en\"><strong>Preferences<\/strong> &#8211; required to display content in the settings you prefer. They can make it easier for you to browse the website or allow you to comment on FB. <\/span><\/p>\n<p class=\"tw-data-text tw-text-large tw-ta\" dir=\"ltr\" data-placeholder=\"P\u0159eklad\"><span class=\"Y2IQFc\" lang=\"en\"><strong>Marketing<\/strong> &#8211; this type of cookie allows us to find out more information about you, such as age, gender, interests and further target you over the Internet (so-called retargeting).<\/span><\/p>\n<h3><span class=\"Y2IQFc\" lang=\"en\">5. Who processes cookies and other personal data for us? <\/span><\/h3>\n<p class=\"tw-data-text tw-text-large tw-ta\" dir=\"ltr\" data-placeholder=\"P\u0159eklad\"><span class=\"Y2IQFc\" lang=\"en\">Google Analytics provider, Ads and Doubleclick, Google Ireland Ltd. (Google Building Gordon House, 4 Barrow St, Dublin, D04 E5W5, Ireland), in accordance with its terms (more here: https:\/\/policies.google.com\/technologies\/cookies?hl=en). <\/span><\/p>\n<p class=\"tw-data-text tw-text-large tw-ta\" dir=\"ltr\" data-placeholder=\"P\u0159eklad\"><span class=\"Y2IQFc\" lang=\"en\">Facebook service provider operated by Meta Ltd. (4 Grand Canal Square, Grand Canal Harbor, Dublin 2, Ireland) in accordance with its terms and conditions (more here: https:\/\/www.facebook.com\/policy\/cookies\/). <\/span><\/p>\n<p class=\"tw-data-text tw-text-large tw-ta\" dir=\"ltr\" data-placeholder=\"P\u0159eklad\"><span class=\"Y2IQFc\" lang=\"en\">Service provider Sklik &#8211; company Seznam.cz, a.s. (registered office Radlick\u00e1 3294\/10, 150 00 Prague 5 &#8211; Sm\u00edchov), in accordance with its conditions (more here: https:\/\/www.seznam.cz\/reklama\/cz\/obsahovy-web\/pravidla-reklamy\/gdpr\/). <\/span><\/p>\n<p class=\"tw-data-text tw-text-large tw-ta\" dir=\"ltr\" data-placeholder=\"P\u0159eklad\"><span class=\"Y2IQFc\" lang=\"en\">Hotjar service provider, Hotjar Ltd (Dragonara Business Center 5th Floor, Dragonara Road, Paceville St Julian&#8217;s STJ 3141 Malta). <\/span><\/p>\n<p class=\"tw-data-text tw-text-large tw-ta\" dir=\"ltr\" data-placeholder=\"P\u0159eklad\"><span class=\"Y2IQFc\" lang=\"en\">Microsoft Clarity service provider, Microsoft Ireland Operations Limited (located at One Microsoft Place, South County Business Park, Leopardstown, Dublin 18, D 18, P521, Ireland). <\/span><\/p>\n<p class=\"tw-data-text tw-text-large tw-ta\" dir=\"ltr\" data-placeholder=\"P\u0159eklad\"><span class=\"Y2IQFc\" lang=\"en\">Marketing Makers s.r.o. (registered office Doma\u017elick\u00e1 1053\/15, Prague 3, 130 00, I\u010c 041 74 836). Brilo Team S.r.o. (registered office Pra\u017esk\u00e1 t\u0159. 1247\/24, \u010cesk\u00e9 Bud\u011bjovice 3, I\u010c: 05522820)<\/span><\/p>\n<h3>6. <span class=\"Y2IQFc\" lang=\"en\">How to prevent the use of cookies?<\/span><\/h3>\n<p><span class=\"Y2IQFc\" lang=\"en\">You can select your cookies preferences in <\/span><a href=\"https:\/\/mblue.cz\/wp-content\/uploads\/2022\/05\/mblue_cookie_info_en.jpg\" target=\"_blank\" rel=\"noopener\">cookies toolbar<\/a> when entering www.mblue.cz. <span class=\"Y2IQFc\" lang=\"en\">Only those cookies that you agree to will be stored.<\/span><\/p>\n<p>If you want to reject some cookies or you want to know more information, use <a href=\"https:\/\/mblue.cz\/wp-content\/uploads\/2022\/05\/mblue_cookie_settings_en.jpg\" target=\"_blank\" rel=\"noopener\">cookies settings<\/a> here: &lt;a href=&#8221;#&#8221; data-cc=&#8221;c-settings&#8221;&gt;Cookie settings&lt;\/a&gt;<\/p>\n<h3 id=\"tw-target-text\" class=\"tw-data-text tw-text-large tw-ta\" dir=\"ltr\" data-placeholder=\"P\u0159eklad\"><span class=\"Y2IQFc\" lang=\"en\">7. Your consent and its revocation <\/span><\/h3>\n<p class=\"tw-data-text tw-text-large tw-ta\" dir=\"ltr\" data-placeholder=\"P\u0159eklad\"><span class=\"Y2IQFc\" lang=\"en\">You provide your name, surname, e-mail, telephone and company name to us for the duration of the cooperation or for a period of 5 years. We use the information obtained from advertising cookies for a maximum of 1 year for advertising and 26 months for web analytics. You can revoke your consent at any time &#8211; we will do our best to satisfy you. Contact us at the bottom of the page.<\/span><\/p>\n<h3 class=\"tw-data-text tw-text-large tw-ta\" dir=\"ltr\" data-placeholder=\"P\u0159eklad\"><span class=\"Y2IQFc\" lang=\"en\">8. Changes to this Privacy <\/span><\/h3>\n<p class=\"tw-data-text tw-text-large tw-ta\" dir=\"ltr\" data-placeholder=\"P\u0159eklad\"><span class=\"Y2IQFc\" lang=\"en\">Policy If we decide to change your privacy policy, the changes will be presented on this page. 9. Contact us If you have any questions about this security policy, you can contact us using the information below. Contact the person responsible for this policy: info@mblue.cz.<\/span><\/p>\n<pre id=\"tw-target-text\" class=\"tw-data-text tw-text-large tw-ta\" dir=\"ltr\" data-placeholder=\"P\u0159eklad\"><span class=\"Y2IQFc\" lang=\"en\">\u00a0<\/span><\/pre>\n","protected":false},"excerpt":{"rendered":"<p>This privacy policy describes the way in which mBlue Czech, s.r.o. \u0158eporyjsk\u00e1 490\/17, Praha 158 00, I\u010c: 241 93 119 (hereinafter mBlue) collects data, maintains data and manipulates data obtained from users on this website. &nbsp; 1. What personal information do we collect? We only collect personal information about you if you send us a&#8230;<\/p>\n","protected":false},"author":2,"featured_media":0,"parent":0,"menu_order":0,"comment_status":"closed","ping_status":"closed","template":"pages\/page-blocks.php","meta":{"footnotes":""},"class_list":["post-6096","page","type-page","status-publish","hentry"],"yoast_head":"<!-- This site is optimized with the Yoast SEO plugin v25.6 - https:\/\/yoast.com\/wordpress\/plugins\/seo\/ -->\n<title>Cookies Policy - mBlue<\/title>\n<meta name=\"description\" content=\"This privacy policy describes the way in which mBlue Czech, s.r.o. \u0158eporyjsk\u00e1 490\/17, Praha 158 00, I\u010c: 241 93 119 (hereinafter mBlue) collects data,\" \/>\n<meta name=\"robots\" content=\"index, follow, max-snippet:-1, max-image-preview:large, max-video-preview:-1\" \/>\n<link rel=\"canonical\" href=\"https:\/\/mblue.cz\/en\/cookies-policy\/\" \/>\n<meta property=\"og:locale\" content=\"en_US\" \/>\n<meta property=\"og:type\" content=\"article\" \/>\n<meta property=\"og:title\" content=\"Cookies Policy - mBlue\" \/>\n<meta property=\"og:description\" content=\"This privacy policy describes the way in which mBlue Czech, s.r.o. \u0158eporyjsk\u00e1 490\/17, Praha 158 00, I\u010c: 241 93 119 (hereinafter mBlue) collects data,\" \/>\n<meta property=\"og:url\" content=\"https:\/\/mblue.cz\/en\/cookies-policy\/\" \/>\n<meta property=\"og:site_name\" content=\"mBlue\" \/>\n<meta property=\"article:publisher\" content=\"https:\/\/www.facebook.com\/mBlueCZ\" \/>\n<meta property=\"article:modified_time\" content=\"2022-05-02T14:50:42+00:00\" \/>\n<meta property=\"og:image\" content=\"https:\/\/mblue.cz\/wp-content\/uploads\/2019\/07\/Blog-Nove-logo-suqare.jpg\" \/>\n\t<meta property=\"og:image:width\" content=\"576\" \/>\n\t<meta property=\"og:image:height\" content=\"432\" \/>\n\t<meta property=\"og:image:type\" content=\"image\/jpeg\" \/>\n<meta name=\"twitter:card\" content=\"summary_large_image\" \/>\n<meta name=\"twitter:site\" content=\"@mblue\" \/>\n<meta name=\"twitter:label1\" content=\"Est. reading time\" \/>\n\t<meta name=\"twitter:data1\" content=\"5 minutes\" \/>\n<!-- \/ Yoast SEO plugin. -->","yoast_head_json":{"title":"Cookies Policy - mBlue","description":"This privacy policy describes the way in which mBlue Czech, s.r.o. \u0158eporyjsk\u00e1 490\/17, Praha 158 00, I\u010c: 241 93 119 (hereinafter mBlue) collects data,","robots":{"index":"index","follow":"follow","max-snippet":"max-snippet:-1","max-image-preview":"max-image-preview:large","max-video-preview":"max-video-preview:-1"},"canonical":"https:\/\/mblue.cz\/en\/cookies-policy\/","og_locale":"en_US","og_type":"article","og_title":"Cookies Policy - mBlue","og_description":"This privacy policy describes the way in which mBlue Czech, s.r.o. \u0158eporyjsk\u00e1 490\/17, Praha 158 00, I\u010c: 241 93 119 (hereinafter mBlue) collects data,","og_url":"https:\/\/mblue.cz\/en\/cookies-policy\/","og_site_name":"mBlue","article_publisher":"https:\/\/www.facebook.com\/mBlueCZ","article_modified_time":"2022-05-02T14:50:42+00:00","og_image":[{"width":576,"height":432,"url":"https:\/\/mblue.cz\/wp-content\/uploads\/2019\/07\/Blog-Nove-logo-suqare.jpg","type":"image\/jpeg"}],"twitter_card":"summary_large_image","twitter_site":"@mblue","twitter_misc":{"Est. reading time":"5 minutes"},"schema":{"@context":"https:\/\/schema.org","@graph":[{"@type":"WebPage","@id":"https:\/\/mblue.cz\/en\/cookies-policy\/","url":"https:\/\/mblue.cz\/en\/cookies-policy\/","name":"Cookies Policy - mBlue","isPartOf":{"@id":"https:\/\/mblue.cz\/#website"},"datePublished":"2022-04-27T15:37:32+00:00","dateModified":"2022-05-02T14:50:42+00:00","description":"This privacy policy describes the way in which mBlue Czech, s.r.o. \u0158eporyjsk\u00e1 490\/17, Praha 158 00, I\u010c: 241 93 119 (hereinafter mBlue) collects data,","breadcrumb":{"@id":"https:\/\/mblue.cz\/en\/cookies-policy\/#breadcrumb"},"inLanguage":"en-US","potentialAction":[{"@type":"ReadAction","target":["https:\/\/mblue.cz\/en\/cookies-policy\/"]}]},{"@type":"BreadcrumbList","@id":"https:\/\/mblue.cz\/en\/cookies-policy\/#breadcrumb","itemListElement":[{"@type":"ListItem","position":1,"name":"Home","item":"https:\/\/mblue.cz\/en\/"},{"@type":"ListItem","position":2,"name":"Cookies Policy"}]},{"@type":"WebSite","@id":"https:\/\/mblue.cz\/#website","url":"https:\/\/mblue.cz\/","name":"mBlue","description":"","publisher":{"@id":"https:\/\/mblue.cz\/#organization"},"potentialAction":[{"@type":"SearchAction","target":{"@type":"EntryPoint","urlTemplate":"https:\/\/mblue.cz\/?s={search_term_string}"},"query-input":{"@type":"PropertyValueSpecification","valueRequired":true,"valueName":"search_term_string"}}],"inLanguage":"en-US"},{"@type":"Organization","@id":"https:\/\/mblue.cz\/#organization","name":"mBlue Czech, s.r.o.","url":"https:\/\/mblue.cz\/","logo":{"@type":"ImageObject","inLanguage":"en-US","@id":"https:\/\/mblue.cz\/#\/schema\/logo\/image\/","url":"https:\/\/mblue.cz\/wp-content\/uploads\/2019\/07\/Blog-Nove-logo-suqare.jpg","contentUrl":"https:\/\/mblue.cz\/wp-content\/uploads\/2019\/07\/Blog-Nove-logo-suqare.jpg","width":576,"height":432,"caption":"mBlue Czech, s.r.o."},"image":{"@id":"https:\/\/mblue.cz\/#\/schema\/logo\/image\/"},"sameAs":["https:\/\/www.facebook.com\/mBlueCZ","https:\/\/x.com\/mblue","https:\/\/www.instagram.com\/mblue_human_resources\/","https:\/\/www.linkedin.com\/company\/mblue\/"]}]}},"_links":{"self":[{"href":"https:\/\/mblue.cz\/en\/wp-json\/wp\/v2\/pages\/6096"}],"collection":[{"href":"https:\/\/mblue.cz\/en\/wp-json\/wp\/v2\/pages"}],"about":[{"href":"https:\/\/mblue.cz\/en\/wp-json\/wp\/v2\/types\/page"}],"author":[{"embeddable":true,"href":"https:\/\/mblue.cz\/en\/wp-json\/wp\/v2\/users\/2"}],"replies":[{"embeddable":true,"href":"https:\/\/mblue.cz\/en\/wp-json\/wp\/v2\/comments?post=6096"}],"version-history":[{"count":8,"href":"https:\/\/mblue.cz\/en\/wp-json\/wp\/v2\/pages\/6096\/revisions"}],"predecessor-version":[{"id":6320,"href":"https:\/\/mblue.cz\/en\/wp-json\/wp\/v2\/pages\/6096\/revisions\/6320"}],"wp:attachment":[{"href":"https:\/\/mblue.cz\/en\/wp-json\/wp\/v2\/media?parent=6096"}],"curies":[{"name":"wp","href":"https:\/\/api.w.org\/{rel}","templated":true}]}}